{"id":1875,"date":"2018-09-28T11:59:21","date_gmt":"2018-09-28T09:59:21","guid":{"rendered":"https:\/\/chalet-alpenruh.ch\/?page_id=1875"},"modified":"2018-09-28T12:37:17","modified_gmt":"2018-09-28T10:37:17","slug":"vacances-a-saas-fee","status":"publish","type":"page","link":"https:\/\/chalet-alpenruh.ch\/fr\/vacances-a-saas-fee\/","title":{"rendered":"Vacances \u00e0 Saas-Fee"},"content":{"rendered":"<div id='av_section_1'  class='avia-section av-osqs3-7a6bdfb54adb2642a98a8f95470ad207 main_color avia-section-default avia-no-border-styling  avia-builder-el-0  avia-builder-el-no-sibling  avia-bg-style-scroll container_wrap fullsize'  ><div class='container av-section-cont-open' ><main  role=\"main\" itemprop=\"mainContentOfPage\"  class='template-page content  av-content-full alpha units'><div class='post-entry post-entry-type-page post-entry-1875'><div class='entry-content-wrapper clearfix'>\n\n<style type=\"text\/css\" data-created_by=\"avia_inline_auto\" id=\"style-css-av-6ko9tv-410513200a25627dc184c199777455a4\">\n.flex_column.av-6ko9tv-410513200a25627dc184c199777455a4{\nborder-radius:0px 0px 0px 0px;\npadding:0px 0px 0px 0px;\n}\n<\/style>\n<div  class='flex_column av-6ko9tv-410513200a25627dc184c199777455a4 av_one_full  avia-builder-el-1  el_before_av_one_full  avia-builder-el-first  first flex_column_div av-zero-column-padding  '     ><style type=\"text\/css\" data-created_by=\"avia_inline_auto\" id=\"style-css-av-av_heading-2672a2dbde8b7fcadda02c8fe40f63d3\">\n#top .av-special-heading.av-av_heading-2672a2dbde8b7fcadda02c8fe40f63d3{\npadding-bottom:10px;\n}\nbody .av-special-heading.av-av_heading-2672a2dbde8b7fcadda02c8fe40f63d3 .av-special-heading-tag .heading-char{\nfont-size:25px;\n}\n.av-special-heading.av-av_heading-2672a2dbde8b7fcadda02c8fe40f63d3 .av-subheading{\nfont-size:15px;\n}\n<\/style>\n<div  class='av-special-heading av-av_heading-2672a2dbde8b7fcadda02c8fe40f63d3 av-special-heading-h1 blockquote modern-quote  avia-builder-el-2  avia-builder-el-no-sibling '><h1 class='av-special-heading-tag '  itemprop=\"headline\"  >Saas-Fee \u2013 La Perle des Alpes<\/h1><div class=\"special-heading-border\"><div class=\"special-heading-inner-border\"><\/div><\/div><\/div><\/div>\n<style type=\"text\/css\" data-created_by=\"avia_inline_auto\" id=\"style-css-av-3xhhmr-0b2aa607b8ccc7f858e094db02afdaa9\">\n.flex_column.av-3xhhmr-0b2aa607b8ccc7f858e094db02afdaa9{\nborder-radius:0px 0px 0px 0px;\npadding:0px 0px 0px 0px;\n}\n<\/style>\n<div  class='flex_column av-3xhhmr-0b2aa607b8ccc7f858e094db02afdaa9 av_one_full  avia-builder-el-3  el_after_av_one_full  el_before_av_one_full  first flex_column_div av-zero-column-padding  column-top-margin'     ><style type=\"text\/css\" data-created_by=\"avia_inline_auto\" id=\"style-css-av-av_heading-bdf395869051dde356871a8c2e81fa4b\">\n#top .av-special-heading.av-av_heading-bdf395869051dde356871a8c2e81fa4b{\npadding-bottom:10px;\n}\nbody .av-special-heading.av-av_heading-bdf395869051dde356871a8c2e81fa4b .av-special-heading-tag .heading-char{\nfont-size:25px;\n}\n.av-special-heading.av-av_heading-bdf395869051dde356871a8c2e81fa4b .av-subheading{\nfont-size:15px;\n}\n<\/style>\n<div  class='av-special-heading av-av_heading-bdf395869051dde356871a8c2e81fa4b av-special-heading-h2 blockquote modern-quote  avia-builder-el-4  avia-builder-el-no-sibling '><h2 class='av-special-heading-tag '  itemprop=\"headline\"  >Il n\u2018y a qu\u2019\u00e0 Saas-Fee qu\u2018il y a tant de sommets de quatre mille m\u00e8tres \u00e0 voir en un coup d\u2019\u0153il.<\/h2><div class=\"special-heading-border\"><div class=\"special-heading-inner-border\"><\/div><\/div><\/div><\/div>\n<style type=\"text\/css\" data-created_by=\"avia_inline_auto\" id=\"style-css-av-2zlhvn-0b37df1e5ecb3fcfeca6489b8a085631\">\n.flex_column.av-2zlhvn-0b37df1e5ecb3fcfeca6489b8a085631{\nborder-radius:0px 0px 0px 0px;\npadding:0px 0px 0px 0px;\n}\n<\/style>\n<div  class='flex_column av-2zlhvn-0b37df1e5ecb3fcfeca6489b8a085631 av_one_full  avia-builder-el-5  el_after_av_one_full  el_before_av_heading  first flex_column_div av-zero-column-padding  column-top-margin'     ><div  class='avia-video av-jmlt6jqc-93ee7cb6a3973196d343e85bccd06ab3 avia-video-16-9 av-no-preview-image avia-video-load-always av-lazyload-immediate av-lazyload-video-embed'  itemprop=\"video\" itemtype=\"https:\/\/schema.org\/VideoObject\"  data-original_url='https:\/\/www.youtube.com\/watch?v=5mFeqAQV-YQ'><script type='text\/html' class='av-video-tmpl'><div class='avia-iframe-wrap'><iframe loading=\"lazy\" width=\"1500\" height=\"844\" src=\"https:\/\/www.youtube.com\/embed\/5mFeqAQV-YQ?feature=oembed&autoplay=0&loop=0&controls=1&mute=0\" frameborder=\"0\" allow=\"autoplay; encrypted-media\" allowfullscreen><\/iframe><\/div><\/script><div class='av-click-to-play-overlay'><div class=\"avia_playpause_icon\"><\/div><\/div><\/div><\/div>\n<style type=\"text\/css\" data-created_by=\"avia_inline_auto\" id=\"style-css-av-av_heading-cee59df000f79a61602e6b8f56b694fa\">\n#top .av-special-heading.av-av_heading-cee59df000f79a61602e6b8f56b694fa{\npadding-bottom:10px;\n}\nbody .av-special-heading.av-av_heading-cee59df000f79a61602e6b8f56b694fa .av-special-heading-tag .heading-char{\nfont-size:25px;\n}\n.av-special-heading.av-av_heading-cee59df000f79a61602e6b8f56b694fa .av-subheading{\nfont-size:15px;\n}\n<\/style>\n<div  class='av-special-heading av-av_heading-cee59df000f79a61602e6b8f56b694fa av-special-heading-h2 blockquote modern-quote  avia-builder-el-7  el_after_av_one_full  el_before_av_one_half '><h2 class='av-special-heading-tag '  itemprop=\"headline\"  >Saas-Fee est tout, sauf ennuyeux.<\/h2><div class=\"special-heading-border\"><div class=\"special-heading-inner-border\"><\/div><\/div><\/div>\n\n<style type=\"text\/css\" data-created_by=\"avia_inline_auto\" id=\"style-css-av-3xhhmr-0b2aa607b8ccc7f858e094db02afdaa9\">\n.flex_column.av-3xhhmr-0b2aa607b8ccc7f858e094db02afdaa9{\nborder-radius:0px 0px 0px 0px;\npadding:0px 0px 0px 0px;\n}\n<\/style>\n<div  class='flex_column av-3xhhmr-0b2aa607b8ccc7f858e094db02afdaa9 av_one_half  avia-builder-el-8  el_after_av_heading  el_before_av_one_half  first flex_column_div av-zero-column-padding  '     ><p><section  class='av_textblock_section av-jmlt9bnw-c4d1bfe6e22ceb4cd03eb00bd6356a13 '   itemscope=\"itemscope\" itemtype=\"https:\/\/schema.org\/CreativeWork\" ><div class='avia_textblock'  itemprop=\"text\" ><p>La r\u00e9publique de vacances gratuite Saas-Fee avec ses quatre villes Saas-Fee, Saas-Balen, Saas-Almagell et Saas-Grund offre quelque chose pour chaque go\u00fbt.<\/p>\n<p>Que ce soit en hiver avec d&rsquo;excellentes conditions de ski jusqu&rsquo;\u00e0 3600 m, le ski d&rsquo;\u00e9t\u00e9 sur le glacier d&rsquo;Allalin ou la randonn\u00e9e sur plus de 300 km de sentiers p\u00e9destres : l&rsquo;offre est unique et compl\u00e9t\u00e9e par le bien-\u00eatre et le plaisir.<\/p>\n<\/div><\/section><br \/>\n<section  class='av_textblock_section av-jmlt9bnw-c4d1bfe6e22ceb4cd03eb00bd6356a13 '   itemscope=\"itemscope\" itemtype=\"https:\/\/schema.org\/CreativeWork\" ><div class='avia_textblock'  itemprop=\"text\" ><p>La proximit\u00e9 de l&rsquo;Italie et la bonne desserte des grandes villes et des a\u00e9roports par les transports publics font le reste. Saas-Fee et la vall\u00e9e de Saas offrent des vacances d&rsquo;\u00e9t\u00e9 et d&rsquo;hiver parfaites pour les c\u00e9libataires, les couples, les familles, que ce soit pour des vacances, un court s\u00e9jour de d\u00e9tente ou une excursion \u00e0 la journ\u00e9e.<\/p>\n<\/div><\/section><\/p><\/div>\n<style type=\"text\/css\" data-created_by=\"avia_inline_auto\" id=\"style-css-av-3xhhmr-7e45346a6d89c364740aa34594a0e16c\">\n.flex_column.av-3xhhmr-7e45346a6d89c364740aa34594a0e16c{\nborder-radius:0px 0px 0px 0px;\npadding:0px 0px 0px 0px;\n}\n<\/style>\n<div  class='flex_column av-3xhhmr-7e45346a6d89c364740aa34594a0e16c av_one_half  avia-builder-el-11  el_after_av_one_half  el_before_av_one_full  flex_column_div av-zero-column-padding  '     ><section  class='av_textblock_section av-jmlt9bnw-c4d1bfe6e22ceb4cd03eb00bd6356a13 '   itemscope=\"itemscope\" itemtype=\"https:\/\/schema.org\/CreativeWork\" ><div class='avia_textblock'  itemprop=\"text\" ><p><strong>Sports d&rsquo;hiver &#8211; sports de neige<\/strong><br \/>\nSki &#8211; luge &#8211; patin \u00e0 glace &#8211; curling &#8211; raquette &#8211; randonn\u00e9e hivernale &#8211; et bien plus encore<\/p>\n<p><strong>Sports d&rsquo;\u00e9t\u00e9 &#8211; air frais<\/strong><br \/>\nMarche &#8211; randonn\u00e9e &#8211; alpinisme &#8211; escalade &#8211; VTT &#8211; ski d&rsquo;\u00e9t\u00e9 &#8211; mini golf &#8211; tennis &#8211; et bien plus encore.<\/p>\n<p>De plus, nous avons une grande piscine avec beaucoup de bien-\u00eatre, de nombreux mus\u00e9es et de nombreuses curiosit\u00e9s \u00e0 proximit\u00e9.<\/p>\n<\/div><\/section><\/div>\n<style type=\"text\/css\" data-created_by=\"avia_inline_auto\" id=\"style-css-av-3xhhmr-0b2aa607b8ccc7f858e094db02afdaa9\">\n.flex_column.av-3xhhmr-0b2aa607b8ccc7f858e094db02afdaa9{\nborder-radius:0px 0px 0px 0px;\npadding:0px 0px 0px 0px;\n}\n<\/style>\n<div  class='flex_column av-3xhhmr-0b2aa607b8ccc7f858e094db02afdaa9 av_one_full  avia-builder-el-13  el_after_av_one_half  avia-builder-el-last  first flex_column_div av-zero-column-padding  column-top-margin'     ><style type=\"text\/css\" data-created_by=\"avia_inline_auto\" id=\"style-css-av-jmlt9bnw-1a4b0a75cb44fed9fe077c376d118f74\">\n#top .av_textblock_section.av-jmlt9bnw-1a4b0a75cb44fed9fe077c376d118f74 .avia_textblock{\nfont-size:20px;\n}\n<\/style>\n<section  class='av_textblock_section av-jmlt9bnw-1a4b0a75cb44fed9fe077c376d118f74 '   itemscope=\"itemscope\" itemtype=\"https:\/\/schema.org\/CreativeWork\" ><div class='avia_textblock'  itemprop=\"text\" ><p><strong>Venez nous rendre visite &#8211; pour des vacances agr\u00e9ables dans un paysage \u00e0 couper le souffle !<\/strong><\/p>\n<\/div><\/section><\/div>\n","protected":false},"excerpt":{"rendered":"","protected":false},"author":3,"featured_media":0,"parent":0,"menu_order":26,"comment_status":"closed","ping_status":"closed","template":"","meta":{"footnotes":""},"class_list":["post-1875","page","type-page","status-publish","hentry"],"_links":{"self":[{"href":"https:\/\/chalet-alpenruh.ch\/fr\/wp-json\/wp\/v2\/pages\/1875","targetHints":{"allow":["GET"]}}],"collection":[{"href":"https:\/\/chalet-alpenruh.ch\/fr\/wp-json\/wp\/v2\/pages"}],"about":[{"href":"https:\/\/chalet-alpenruh.ch\/fr\/wp-json\/wp\/v2\/types\/page"}],"author":[{"embeddable":true,"href":"https:\/\/chalet-alpenruh.ch\/fr\/wp-json\/wp\/v2\/users\/3"}],"replies":[{"embeddable":true,"href":"https:\/\/chalet-alpenruh.ch\/fr\/wp-json\/wp\/v2\/comments?post=1875"}],"version-history":[{"count":7,"href":"https:\/\/chalet-alpenruh.ch\/fr\/wp-json\/wp\/v2\/pages\/1875\/revisions"}],"predecessor-version":[{"id":1889,"href":"https:\/\/chalet-alpenruh.ch\/fr\/wp-json\/wp\/v2\/pages\/1875\/revisions\/1889"}],"wp:attachment":[{"href":"https:\/\/chalet-alpenruh.ch\/fr\/wp-json\/wp\/v2\/media?parent=1875"}],"curies":[{"name":"wp","href":"https:\/\/api.w.org\/{rel}","templated":true}]}}