{"id":1828,"date":"2018-09-28T10:30:13","date_gmt":"2018-09-28T08:30:13","guid":{"rendered":"https:\/\/chalet-alpenruh.ch\/?page_id=1828"},"modified":"2020-12-10T10:54:10","modified_gmt":"2020-12-10T09:54:10","slug":"questions-et-reponses","status":"publish","type":"page","link":"https:\/\/chalet-alpenruh.ch\/fr\/questions-et-reponses\/","title":{"rendered":"Questions et r\u00e9ponses"},"content":{"rendered":"<div id='av_section_1'  class='avia-section av-k7nt8q-6b81886665357b0a25278db2825c420b main_color avia-section-default avia-no-border-styling  avia-builder-el-0  avia-builder-el-no-sibling  avia-bg-style-scroll container_wrap fullsize'  ><div class='container av-section-cont-open' ><main  role=\"main\" itemprop=\"mainContentOfPage\"  class='template-page content  av-content-full alpha units'><div class='post-entry post-entry-type-page post-entry-1828'><div class='entry-content-wrapper clearfix'>\n\n<style type=\"text\/css\" data-created_by=\"avia_inline_auto\" id=\"style-css-av-ie29t6-5730aa5c1d06be1f19d8f2821fa4236e\">\n.flex_column.av-ie29t6-5730aa5c1d06be1f19d8f2821fa4236e{\nborder-radius:0px 0px 0px 0px;\npadding:0px 0px 0px 0px;\n}\n<\/style>\n<div  class='flex_column av-ie29t6-5730aa5c1d06be1f19d8f2821fa4236e av_one_full  avia-builder-el-1  el_before_av_two_third  avia-builder-el-first  first flex_column_div av-zero-column-padding  '     ><style type=\"text\/css\" data-created_by=\"avia_inline_auto\" id=\"style-css-av-av_heading-616d3c28a10735660222411793e6b744\">\n#top .av-special-heading.av-av_heading-616d3c28a10735660222411793e6b744{\npadding-bottom:10px;\n}\nbody .av-special-heading.av-av_heading-616d3c28a10735660222411793e6b744 .av-special-heading-tag .heading-char{\nfont-size:25px;\n}\n.av-special-heading.av-av_heading-616d3c28a10735660222411793e6b744 .av-subheading{\nfont-size:15px;\n}\n<\/style>\n<div  class='av-special-heading av-av_heading-616d3c28a10735660222411793e6b744 av-special-heading-h1 blockquote modern-quote  avia-builder-el-2  avia-builder-el-no-sibling '><h1 class='av-special-heading-tag '  itemprop=\"headline\"  >Questions et r\u00e9ponses<\/h1><div class=\"special-heading-border\"><div class=\"special-heading-inner-border\"><\/div><\/div><\/div><\/div>\n<style type=\"text\/css\" data-created_by=\"avia_inline_auto\" id=\"style-css-av-fl70i2-459f247119ae84db25834f6a1f412a62\">\n.flex_column.av-fl70i2-459f247119ae84db25834f6a1f412a62{\nborder-radius:0px 0px 0px 0px;\npadding:0px 0px 0px 0px;\n}\n<\/style>\n<div  class='flex_column av-fl70i2-459f247119ae84db25834f6a1f412a62 av_two_third  avia-builder-el-3  el_after_av_one_full  el_before_av_one_third  first flex_column_div av-zero-column-padding  column-top-margin'     ><div  class='togglecontainer av-jmlqoox4-912d0a33aee774a265043b8343de8e7e av-minimal-toggle  avia-builder-el-4  avia-builder-el-no-sibling ' >\n<section class='av_toggle_section av-18x704-efd9d357fd7414e748ca44909e507449'  itemscope=\"itemscope\" itemtype=\"https:\/\/schema.org\/CreativeWork\" ><div role=\"tablist\" class=\"single_toggle\" data-tags=\"{Tout} \"  ><p id='toggle-toggle-id-1' data-fake-id='#toggle-id-1' class='toggler  av-title-above '  itemprop=\"headline\"  role='tab' tabindex='0' aria-controls='toggle-id-1' data-slide-speed=\"200\" data-title=\"Arriv\u00e9e?\" data-title-open=\"\" data-aria_collapsed=\"Cliquez pour \u00e9tendre : Arriv\u00e9e?\" data-aria_expanded=\"Cliquez pour r\u00e9duire : Arriv\u00e9e?\">Arriv\u00e9e?<span class=\"toggle_icon\"><span class=\"vert_icon\"><\/span><span class=\"hor_icon\"><\/span><\/span><\/p><div id='toggle-id-1' aria-labelledby='toggle-toggle-id-1' role='region' class='toggle_wrap  av-title-above'  ><div class='toggle_content invers-color '  itemprop=\"text\" ><p>Vous atteignez Saas-Fee facilement avec le traffic public (train and bus postale \u00e0 partir de Vi\u00e8ge\/Visp)\u00a0ou avec votre voiture \u00a0\u21d2 <a href=\"https:\/\/chalet-alpenruh.ch\/fr\/situation-et-acces\/\">Arriv\u00e9e<\/a><\/p>\n<\/div><\/div><\/div><\/section>\n<section class='av_toggle_section av-ahtxmc-517596a207c3033b12c8ac589bd09ad9'  itemscope=\"itemscope\" itemtype=\"https:\/\/schema.org\/CreativeWork\" ><div role=\"tablist\" class=\"single_toggle\" data-tags=\"{Tout} \"  ><p id='toggle-toggle-id-2' data-fake-id='#toggle-id-2' class='toggler  av-title-above '  itemprop=\"headline\"  role='tab' tabindex='0' aria-controls='toggle-id-2' data-slide-speed=\"200\" data-title=\"Parking?\" data-title-open=\"\" data-aria_collapsed=\"Cliquez pour \u00e9tendre : Parking?\" data-aria_expanded=\"Cliquez pour r\u00e9duire : Parking?\">Parking?<span class=\"toggle_icon\"><span class=\"vert_icon\"><\/span><span class=\"hor_icon\"><\/span><\/span><\/p><div id='toggle-id-2' aria-labelledby='toggle-toggle-id-2' role='region' class='toggle_wrap  av-title-above'  ><div class='toggle_content invers-color '  itemprop=\"text\" ><p>A l&rsquo;entr\u00e9e du village Saas-Fee il y a un parking public. Avec votre carte de s\u00e9jour vous recevez une r\u00e9duction sur le prix de parking.<\/p>\n<\/div><\/div><\/div><\/section>\n<section class='av_toggle_section av-9b4q44-e25d2175b89d726c27ef683feb961200'  itemscope=\"itemscope\" itemtype=\"https:\/\/schema.org\/CreativeWork\" ><div role=\"tablist\" class=\"single_toggle\" data-tags=\"{Tout} \"  ><p id='toggle-toggle-id-3' data-fake-id='#toggle-id-3' class='toggler  av-title-above '  itemprop=\"headline\"  role='tab' tabindex='0' aria-controls='toggle-id-3' data-slide-speed=\"200\" data-title=\"Shopping?\" data-title-open=\"\" data-aria_collapsed=\"Cliquez pour \u00e9tendre : Shopping?\" data-aria_expanded=\"Cliquez pour r\u00e9duire : Shopping?\">Shopping?<span class=\"toggle_icon\"><span class=\"vert_icon\"><\/span><span class=\"hor_icon\"><\/span><\/span><\/p><div id='toggle-id-3' aria-labelledby='toggle-toggle-id-3' role='region' class='toggle_wrap  av-title-above'  ><div class='toggle_content invers-color '  itemprop=\"text\" ><p>Coop, Migros, Boulangerie, Boucherie, Ecole Suisse de ski et Banque vous atteignez facilement dans quelques minutes \u00e0 pieds.<\/p>\n<\/div><\/div><\/div><\/section>\n<section class='av_toggle_section av-7zr1sk-339172bc4d5fd5b374cfa0ee9e73f7da'  itemscope=\"itemscope\" itemtype=\"https:\/\/schema.org\/CreativeWork\" ><div role=\"tablist\" class=\"single_toggle\" data-tags=\"{Tout} \"  ><p id='toggle-toggle-id-4' data-fake-id='#toggle-id-4' class='toggler  av-title-above '  itemprop=\"headline\"  role='tab' tabindex='0' aria-controls='toggle-id-4' data-slide-speed=\"200\" data-title=\"Distance pour les t\u00e9l\u00e9f\u00e9riques\/pistes?\" data-title-open=\"\" data-aria_collapsed=\"Cliquez pour \u00e9tendre : Distance pour les t\u00e9l\u00e9f\u00e9riques\/pistes?\" data-aria_expanded=\"Cliquez pour r\u00e9duire : Distance pour les t\u00e9l\u00e9f\u00e9riques\/pistes?\">Distance pour les t\u00e9l\u00e9f\u00e9riques\/pistes?<span class=\"toggle_icon\"><span class=\"vert_icon\"><\/span><span class=\"hor_icon\"><\/span><\/span><\/p><div id='toggle-id-4' aria-labelledby='toggle-toggle-id-4' role='region' class='toggle_wrap  av-title-above'  ><div class='toggle_content invers-color '  itemprop=\"text\" ><p>A pied dans 5 minutes au Alpin Express, dans 7 minutes au rest des t\u00e9l\u00e9f\u00e9riques et pistes. Skibus gratuite &#8211; Busstop devant la maison.<\/p>\n<\/div><\/div><\/div><\/section>\n<section class='av_toggle_section av-av_toggle-2a795b1281431e434864f19e05f3a466'  itemscope=\"itemscope\" itemtype=\"https:\/\/schema.org\/CreativeWork\" ><div role=\"tablist\" class=\"single_toggle\" data-tags=\"{Tout} \"  ><p id='toggle-toggle-id-5' data-fake-id='#toggle-id-5' class='toggler  av-title-above '  itemprop=\"headline\"  role='tab' tabindex='0' aria-controls='toggle-id-5' data-slide-speed=\"200\" data-title=\"Forfait de Ski\/ Skipass?\" data-title-open=\"\" data-aria_collapsed=\"Cliquez pour \u00e9tendre : Forfait de Ski\/ Skipass?\" data-aria_expanded=\"Cliquez pour r\u00e9duire : Forfait de Ski\/ Skipass?\">Forfait de Ski\/ Skipass?<span class=\"toggle_icon\"><span class=\"vert_icon\"><\/span><span class=\"hor_icon\"><\/span><\/span><\/p><div id='toggle-id-5' aria-labelledby='toggle-toggle-id-5' role='region' class='toggle_wrap  av-title-above'  ><div class='toggle_content invers-color '  itemprop=\"text\" ><p>Achetez vos forfait de ski en ligne <a href=\"https:\/\/www.saas-fee.ch\/de\/unterkuenfte\/hotel#\/skipaesse\">ici\u00a0<\/a><\/p>\n<\/div><\/div><\/div><\/section>\n<section class='av_toggle_section av-3w2h6s-ee5304bb0c9dc56ef915780cae4ca5e3'  itemscope=\"itemscope\" itemtype=\"https:\/\/schema.org\/CreativeWork\" ><div role=\"tablist\" class=\"single_toggle\" data-tags=\"{Tout} \"  ><p id='toggle-toggle-id-6' data-fake-id='#toggle-id-6' class='toggler  av-title-above '  itemprop=\"headline\"  role='tab' tabindex='0' aria-controls='toggle-id-6' data-slide-speed=\"200\" data-title=\"Skiroom?\" data-title-open=\"\" data-aria_collapsed=\"Cliquez pour \u00e9tendre : Skiroom?\" data-aria_expanded=\"Cliquez pour r\u00e9duire : Skiroom?\">Skiroom?<span class=\"toggle_icon\"><span class=\"vert_icon\"><\/span><span class=\"hor_icon\"><\/span><\/span><\/p><div id='toggle-id-6' aria-labelledby='toggle-toggle-id-6' role='region' class='toggle_wrap  av-title-above'  ><div class='toggle_content invers-color '  itemprop=\"text\" ><p>Ski room chauff\u00e9e dans la maison.<\/p>\n<\/div><\/div><\/div><\/section>\n<section class='av_toggle_section av-1wj150-fdd4beae61d361cb7681891c52ca6c47'  itemscope=\"itemscope\" itemtype=\"https:\/\/schema.org\/CreativeWork\" ><div role=\"tablist\" class=\"single_toggle\" data-tags=\"{Tout} \"  ><p id='toggle-toggle-id-7' data-fake-id='#toggle-id-7' class='toggler  av-title-above '  itemprop=\"headline\"  role='tab' tabindex='0' aria-controls='toggle-id-7' data-slide-speed=\"200\" data-title=\"R\u00e9ductions??\" data-title-open=\"\" data-aria_collapsed=\"Cliquez pour \u00e9tendre : R\u00e9ductions??\" data-aria_expanded=\"Cliquez pour r\u00e9duire : R\u00e9ductions??\">R\u00e9ductions??<span class=\"toggle_icon\"><span class=\"vert_icon\"><\/span><span class=\"hor_icon\"><\/span><\/span><\/p><div id='toggle-id-7' aria-labelledby='toggle-toggle-id-7' role='region' class='toggle_wrap  av-title-above'  ><div class='toggle_content invers-color '  itemprop=\"text\" ><p>Chez nous vous recevez la carte Saastal; durant la saison d&rsquo;\u00e9t\u00e9 tous les bus postale et 8\/9 t\u00e9l\u00e9f\u00e9riques sont gratuite, durant l&rsquo;hiver tous les bus postale sont gratuite. R\u00e9ductions pour le parking et encore plus de r\u00e9ductions avec cette carte de s\u00e9jours.<\/p>\n<\/div><\/div><\/div><\/section>\n<section class='av_toggle_section av-385htg-e0f9def241890bb91efc3a7167773663'  itemscope=\"itemscope\" itemtype=\"https:\/\/schema.org\/CreativeWork\" ><div role=\"tablist\" class=\"single_toggle\" data-tags=\"{Tout} \"  ><p id='toggle-toggle-id-8' data-fake-id='#toggle-id-8' class='toggler  av-title-above '  itemprop=\"headline\"  role='tab' tabindex='0' aria-controls='toggle-id-8' data-slide-speed=\"200\" data-title=\"Concept de protection?\" data-title-open=\"\" data-aria_collapsed=\"Cliquez pour \u00e9tendre : Concept de protection?\" data-aria_expanded=\"Cliquez pour r\u00e9duire : Concept de protection?\">Concept de protection?<span class=\"toggle_icon\"><span class=\"vert_icon\"><\/span><span class=\"hor_icon\"><\/span><\/span><\/p><div id='toggle-id-8' aria-labelledby='toggle-toggle-id-8' role='region' class='toggle_wrap  av-title-above'  ><div class='toggle_content invers-color '  itemprop=\"text\" ><p><a href=\"https:\/\/chalet-alpenruh.ch\/wp-content\/uploads\/Concept-de-protection-pour-nos-appartements-de-vacances-Chalet-Alpenruh.pdf\">Concept de protection pour nos appartements de vacances Chalet Alpenruh<\/a> <img loading=\"lazy\" decoding=\"async\" class=\"alignnone size-full wp-image-2417\" src=\"https:\/\/chalet-alpenruh.ch\/wp-content\/uploads\/Safe-and-clean-klein.png\" alt=\"\" width=\"100\" height=\"100\" srcset=\"https:\/\/chalet-alpenruh.ch\/wp-content\/uploads\/Safe-and-clean-klein.png 100w, https:\/\/chalet-alpenruh.ch\/wp-content\/uploads\/Safe-and-clean-klein-80x80.png 80w, https:\/\/chalet-alpenruh.ch\/wp-content\/uploads\/Safe-and-clean-klein-36x36.png 36w\" sizes=\"auto, (max-width: 100px) 100vw, 100px\" \/><\/p>\n<\/div><\/div><\/div><\/section>\n<section class='av_toggle_section av-2frjp0-0154f90fb8618ca638c8014f602235b4'  itemscope=\"itemscope\" itemtype=\"https:\/\/schema.org\/CreativeWork\" ><div role=\"tablist\" class=\"single_toggle\" data-tags=\"{Tout} \"  ><p id='toggle-toggle-id-9' data-fake-id='#toggle-id-9' class='toggler  av-title-above '  itemprop=\"headline\"  role='tab' tabindex='0' aria-controls='toggle-id-9' data-slide-speed=\"200\" data-title=\"Condition de location?\" data-title-open=\"\" data-aria_collapsed=\"Cliquez pour \u00e9tendre : Condition de location?\" data-aria_expanded=\"Cliquez pour r\u00e9duire : Condition de location?\">Condition de location?<span class=\"toggle_icon\"><span class=\"vert_icon\"><\/span><span class=\"hor_icon\"><\/span><\/span><\/p><div id='toggle-id-9' aria-labelledby='toggle-toggle-id-9' role='region' class='toggle_wrap  av-title-above'  ><div class='toggle_content invers-color '  itemprop=\"text\" ><p><a href=\"https:\/\/chalet-alpenruh.ch\/wp-content\/uploads\/Mietbedingungen-Chalet-Alpenruh.pdf\">Mietbedingungen Chalet Alpenruh<\/a> <img loading=\"lazy\" decoding=\"async\" class=\"alignnone size-full wp-image-2417\" src=\"https:\/\/chalet-alpenruh.ch\/wp-content\/uploads\/Safe-and-clean-klein.png\" alt=\"\" width=\"100\" height=\"100\" srcset=\"https:\/\/chalet-alpenruh.ch\/wp-content\/uploads\/Safe-and-clean-klein.png 100w, https:\/\/chalet-alpenruh.ch\/wp-content\/uploads\/Safe-and-clean-klein-80x80.png 80w, https:\/\/chalet-alpenruh.ch\/wp-content\/uploads\/Safe-and-clean-klein-36x36.png 36w\" sizes=\"auto, (max-width: 100px) 100vw, 100px\" \/><\/p>\n<\/div><\/div><\/div><\/section>\n<\/div><\/div>\n<style type=\"text\/css\" data-created_by=\"avia_inline_auto\" id=\"style-css-av-1z84i2-bc4c665f702e127c3b56ded2071ea741\">\n.flex_column.av-1z84i2-bc4c665f702e127c3b56ded2071ea741{\nborder-radius:0px 0px 0px 0px;\npadding:0px 0px 0px 0px;\n}\n<\/style>\n<div  class='flex_column av-1z84i2-bc4c665f702e127c3b56ded2071ea741 av_one_third  avia-builder-el-5  el_after_av_two_third  avia-builder-el-last  flex_column_div av-zero-column-padding  column-top-margin'     ><\/div>\n","protected":false},"excerpt":{"rendered":"","protected":false},"author":3,"featured_media":0,"parent":0,"menu_order":18,"comment_status":"closed","ping_status":"closed","template":"","meta":{"footnotes":""},"class_list":["post-1828","page","type-page","status-publish","hentry"],"_links":{"self":[{"href":"https:\/\/chalet-alpenruh.ch\/fr\/wp-json\/wp\/v2\/pages\/1828","targetHints":{"allow":["GET"]}}],"collection":[{"href":"https:\/\/chalet-alpenruh.ch\/fr\/wp-json\/wp\/v2\/pages"}],"about":[{"href":"https:\/\/chalet-alpenruh.ch\/fr\/wp-json\/wp\/v2\/types\/page"}],"author":[{"embeddable":true,"href":"https:\/\/chalet-alpenruh.ch\/fr\/wp-json\/wp\/v2\/users\/3"}],"replies":[{"embeddable":true,"href":"https:\/\/chalet-alpenruh.ch\/fr\/wp-json\/wp\/v2\/comments?post=1828"}],"version-history":[{"count":11,"href":"https:\/\/chalet-alpenruh.ch\/fr\/wp-json\/wp\/v2\/pages\/1828\/revisions"}],"predecessor-version":[{"id":2500,"href":"https:\/\/chalet-alpenruh.ch\/fr\/wp-json\/wp\/v2\/pages\/1828\/revisions\/2500"}],"wp:attachment":[{"href":"https:\/\/chalet-alpenruh.ch\/fr\/wp-json\/wp\/v2\/media?parent=1828"}],"curies":[{"name":"wp","href":"https:\/\/api.w.org\/{rel}","templated":true}]}}