{"id":1813,"date":"2018-09-28T10:14:28","date_gmt":"2018-09-28T08:14:28","guid":{"rendered":"https:\/\/chalet-alpenruh.ch\/?page_id=1813"},"modified":"2018-09-29T01:30:43","modified_gmt":"2018-09-28T23:30:43","slug":"situation-et-acces","status":"publish","type":"page","link":"https:\/\/chalet-alpenruh.ch\/fr\/situation-et-acces\/","title":{"rendered":"Situation et acc\u00e9s"},"content":{"rendered":"<div id='av_section_1'  class='avia-section av-87vm5t-08958cc1a44af593a32a186a6c5fc506 main_color avia-section-default avia-no-border-styling  avia-builder-el-0  el_before_av_google_map  avia-builder-el-first  avia-bg-style-scroll container_wrap fullsize'  ><div class='container av-section-cont-open' ><main  role=\"main\" itemprop=\"mainContentOfPage\"  class='template-page content  av-content-full alpha units'><div class='post-entry post-entry-type-page post-entry-1813'><div class='entry-content-wrapper clearfix'>\n\n<style type=\"text\/css\" data-created_by=\"avia_inline_auto\" id=\"style-css-av-5yfaw1-7db00af77f03deb0b15f0b577de6351d\">\n.flex_column.av-5yfaw1-7db00af77f03deb0b15f0b577de6351d{\nborder-radius:0px 0px 0px 0px;\npadding:0px 0px 0px 0px;\n}\n<\/style>\n<div  class='flex_column av-5yfaw1-7db00af77f03deb0b15f0b577de6351d av_one_full  avia-builder-el-1  el_before_av_one_half  avia-builder-el-first  first flex_column_div av-zero-column-padding  '     ><style type=\"text\/css\" data-created_by=\"avia_inline_auto\" id=\"style-css-av-jmlqcfdp-076a74a07d4e57654c627b15f8209a6c\">\n#top .av-special-heading.av-jmlqcfdp-076a74a07d4e57654c627b15f8209a6c{\npadding-bottom:10px;\n}\nbody .av-special-heading.av-jmlqcfdp-076a74a07d4e57654c627b15f8209a6c .av-special-heading-tag .heading-char{\nfont-size:25px;\n}\n.av-special-heading.av-jmlqcfdp-076a74a07d4e57654c627b15f8209a6c .av-subheading{\nfont-size:15px;\n}\n<\/style>\n<div  class='av-special-heading av-jmlqcfdp-076a74a07d4e57654c627b15f8209a6c av-special-heading-h1 blockquote modern-quote  avia-builder-el-2  avia-builder-el-no-sibling '><h1 class='av-special-heading-tag '  itemprop=\"headline\"  >Situation et acc\u00e9s<\/h1><div class=\"special-heading-border\"><div class=\"special-heading-inner-border\"><\/div><\/div><\/div><\/div>\n<style type=\"text\/css\" data-created_by=\"avia_inline_auto\" id=\"style-css-av-46brwh-5a31ab6bf1940c958ad37b3d19788a19\">\n.flex_column.av-46brwh-5a31ab6bf1940c958ad37b3d19788a19{\nborder-radius:0px 0px 0px 0px;\npadding:0px 0px 0px 0px;\n}\n<\/style>\n<div  class='flex_column av-46brwh-5a31ab6bf1940c958ad37b3d19788a19 av_one_half  avia-builder-el-3  el_after_av_one_full  el_before_av_one_half  first flex_column_div av-zero-column-padding  column-top-margin'     ><p>\n<style type=\"text\/css\" data-created_by=\"avia_inline_auto\" id=\"style-css-av-jmlqcvaj-2e6cfb03cee7f34776a1d057ed3d6bda\">\n#top .av-special-heading.av-jmlqcvaj-2e6cfb03cee7f34776a1d057ed3d6bda{\npadding-bottom:10px;\n}\nbody .av-special-heading.av-jmlqcvaj-2e6cfb03cee7f34776a1d057ed3d6bda .av-special-heading-tag .heading-char{\nfont-size:25px;\n}\n.av-special-heading.av-jmlqcvaj-2e6cfb03cee7f34776a1d057ed3d6bda .av-subheading{\nfont-size:15px;\n}\n<\/style>\n<div  class='av-special-heading av-jmlqcvaj-2e6cfb03cee7f34776a1d057ed3d6bda av-special-heading-h2 blockquote modern-quote  avia-builder-el-4  el_before_av_textblock  avia-builder-el-first '><h2 class='av-special-heading-tag '  itemprop=\"headline\"  >Avec le train et le car postal<\/h2><div class=\"special-heading-border\"><div class=\"special-heading-inner-border\"><\/div><\/div><\/div><br \/>\n<section  class='av_textblock_section av-jmlp5ree-cc4f5cf1e8329296f362ff56105d27d0 '   itemscope=\"itemscope\" itemtype=\"https:\/\/schema.org\/CreativeWork\" ><div class='avia_textblock'  itemprop=\"text\" ><p><a href=\"http:\/\/www.sbb.ch\" target=\"_blank\" rel=\"noopener\">www.sbb.ch<\/a><\/p>\n<\/div><\/section><br \/>\n<section  class='av_textblock_section av-jmlp5cra-85723681275435fed4e26e5cfdc77d02 '   itemscope=\"itemscope\" itemtype=\"https:\/\/schema.org\/CreativeWork\" ><div class='avia_textblock'  itemprop=\"text\" ><p>Les adeptes des sports de neige en provenance d\u2019Angleterre \u2013 et de France \u2013 voyagent facilement et confortablement par le train direct Londres \u2013 Vi\u00e8ge. Depuis les a\u00e9roports de Zurich, Gen\u00e8ve, EuroAirport B\u00e2le et Milan, la dur\u00e9e du voyage est d\u2019environ trois heures.<\/p>\n<\/div><\/section><\/p><\/div>\n<style type=\"text\/css\" data-created_by=\"avia_inline_auto\" id=\"style-css-av-46brwh-92fcb7a3b62011853bb29d1d1c590383\">\n.flex_column.av-46brwh-92fcb7a3b62011853bb29d1d1c590383{\nborder-radius:0px 0px 0px 0px;\npadding:0px 0px 0px 0px;\n}\n<\/style>\n<div  class='flex_column av-46brwh-92fcb7a3b62011853bb29d1d1c590383 av_one_half  avia-builder-el-7  el_after_av_one_half  el_before_av_one_half  flex_column_div av-zero-column-padding  column-top-margin'     ><p>\n<style type=\"text\/css\" data-created_by=\"avia_inline_auto\" id=\"style-css-av-jmlqd1p5-bcd3c4be9e38d89bae4da811f428c3d9\">\n#top .av-special-heading.av-jmlqd1p5-bcd3c4be9e38d89bae4da811f428c3d9{\npadding-bottom:10px;\n}\nbody .av-special-heading.av-jmlqd1p5-bcd3c4be9e38d89bae4da811f428c3d9 .av-special-heading-tag .heading-char{\nfont-size:25px;\n}\n.av-special-heading.av-jmlqd1p5-bcd3c4be9e38d89bae4da811f428c3d9 .av-subheading{\nfont-size:15px;\n}\n<\/style>\n<div  class='av-special-heading av-jmlqd1p5-bcd3c4be9e38d89bae4da811f428c3d9 av-special-heading-h2 blockquote modern-quote  avia-builder-el-8  el_before_av_textblock  avia-builder-el-first '><h2 class='av-special-heading-tag '  itemprop=\"headline\"  >Avec la voiture<\/h2><div class=\"special-heading-border\"><div class=\"special-heading-inner-border\"><\/div><\/div><\/div><br \/>\n<section  class='av_textblock_section av-jmlp5ree-cc4f5cf1e8329296f362ff56105d27d0 '   itemscope=\"itemscope\" itemtype=\"https:\/\/schema.org\/CreativeWork\" ><div class='avia_textblock'  itemprop=\"text\" ><p><a href=\"https:\/\/de.viamichelin.ch\" target=\"_blank\" rel=\"noopener\">www.viamichelin.ch<\/a><\/p>\n<\/div><\/section><br \/>\n<section  class='av_textblock_section av-jmlp5cra-85723681275435fed4e26e5cfdc77d02 '   itemscope=\"itemscope\" itemtype=\"https:\/\/schema.org\/CreativeWork\" ><div class='avia_textblock'  itemprop=\"text\" ><p>Saas-Fee est libres des voitures \u2013 alors m\u00eame votre voiture fait des vacances. Apr\u00e8s votre arriv\u00e9e \u00e0 Saas-Fee, garez votre voiture dans le parking couvert ou bien sur le parking non couvert \u00e0 l\u2019entr\u00e9e du village.<\/p>\n<\/div><\/section><\/p><\/div>\n<style type=\"text\/css\" data-created_by=\"avia_inline_auto\" id=\"style-css-av-46brwh-5a31ab6bf1940c958ad37b3d19788a19\">\n.flex_column.av-46brwh-5a31ab6bf1940c958ad37b3d19788a19{\nborder-radius:0px 0px 0px 0px;\npadding:0px 0px 0px 0px;\n}\n<\/style>\n<div  class='flex_column av-46brwh-5a31ab6bf1940c958ad37b3d19788a19 av_one_half  avia-builder-el-11  el_after_av_one_half  el_before_av_one_half  first flex_column_div av-zero-column-padding  column-top-margin'     ><p>\n<style type=\"text\/css\" data-created_by=\"avia_inline_auto\" id=\"style-css-av-jmlqd9pb-20ae7ec33938d875a7a6102df0052b11\">\n#top .av-special-heading.av-jmlqd9pb-20ae7ec33938d875a7a6102df0052b11{\npadding-bottom:10px;\n}\nbody .av-special-heading.av-jmlqd9pb-20ae7ec33938d875a7a6102df0052b11 .av-special-heading-tag .heading-char{\nfont-size:25px;\n}\n.av-special-heading.av-jmlqd9pb-20ae7ec33938d875a7a6102df0052b11 .av-subheading{\nfont-size:15px;\n}\n<\/style>\n<div  class='av-special-heading av-jmlqd9pb-20ae7ec33938d875a7a6102df0052b11 av-special-heading-h2 blockquote modern-quote  avia-builder-el-12  el_before_av_textblock  avia-builder-el-first '><h2 class='av-special-heading-tag '  itemprop=\"headline\"  >Du terminal \u00e0 l\u2019appartment<\/h2><div class=\"special-heading-border\"><div class=\"special-heading-inner-border\"><\/div><\/div><\/div><br \/>\n<section  class='av_textblock_section av-jmlp5ree-cc4f5cf1e8329296f362ff56105d27d0 '   itemscope=\"itemscope\" itemtype=\"https:\/\/schema.org\/CreativeWork\" ><div class='avia_textblock'  itemprop=\"text\" ><p><a href=\"https:\/\/chalet-alpenruh.ch\/wp-content\/uploads\/dorfplan_saas-fee_2015.pdf\" target=\"_blank\" rel=\"noopener\">Dorfplan Saas-Fee<\/a><\/p>\n<\/div><\/section><br \/>\n<section  class='av_textblock_section av-jmlp5cra-85723681275435fed4e26e5cfdc77d02 '   itemscope=\"itemscope\" itemtype=\"https:\/\/schema.org\/CreativeWork\" ><div class='avia_textblock'  itemprop=\"text\" ><p>Vous pouvez prendre un taxi \u00e9lectrique directement au parking. (env. CHF 35.00 ), il va vous conduire au Chalet Alpenruh.<\/p>\n<p>Nous vous fournissons d\u2019un chariot pour aller chercher vos bagages de la voiture. (env. 10 min \u00e0 pied) Pour \u00e7a il faut que vous venez d\u2019abord vers le Chalet Alpenruh et vous r\u00e9v\u00e9rez l\u2019appartement.<\/p>\n<p>Les appartements sont pr\u00eat \u00e0 partir de 14.00. Le jour de votre d\u00e9part il faut laisser l\u2019appartement \u00e0 9.00 heures.<\/p>\n<\/div><\/section><\/p><\/div>\n<style type=\"text\/css\" data-created_by=\"avia_inline_auto\" id=\"style-css-av-46brwh-92fcb7a3b62011853bb29d1d1c590383\">\n.flex_column.av-46brwh-92fcb7a3b62011853bb29d1d1c590383{\nborder-radius:0px 0px 0px 0px;\npadding:0px 0px 0px 0px;\n}\n<\/style>\n<div  class='flex_column av-46brwh-92fcb7a3b62011853bb29d1d1c590383 av_one_half  avia-builder-el-15  el_after_av_one_half  avia-builder-el-last  flex_column_div av-zero-column-padding  column-top-margin'     ><p>\n<style type=\"text\/css\" data-created_by=\"avia_inline_auto\" id=\"style-css-av-jmlqdg4p-3c0bdbc0887417cd8eb68ee25b726a58\">\n#top .av-special-heading.av-jmlqdg4p-3c0bdbc0887417cd8eb68ee25b726a58{\npadding-bottom:10px;\n}\nbody .av-special-heading.av-jmlqdg4p-3c0bdbc0887417cd8eb68ee25b726a58 .av-special-heading-tag .heading-char{\nfont-size:25px;\n}\n.av-special-heading.av-jmlqdg4p-3c0bdbc0887417cd8eb68ee25b726a58 .av-subheading{\nfont-size:15px;\n}\n<\/style>\n<div  class='av-special-heading av-jmlqdg4p-3c0bdbc0887417cd8eb68ee25b726a58 av-special-heading-h2 blockquote modern-quote  avia-builder-el-16  el_before_av_textblock  avia-builder-el-first '><h2 class='av-special-heading-tag '  itemprop=\"headline\"  >De l\u2019appartment aux t\u00e9l\u00e9ph\u00e9riques<\/h2><div class=\"special-heading-border\"><div class=\"special-heading-inner-border\"><\/div><\/div><\/div><br \/>\n<section  class='av_textblock_section av-jmlp5cra-85723681275435fed4e26e5cfdc77d02 '   itemscope=\"itemscope\" itemtype=\"https:\/\/schema.org\/CreativeWork\" ><div class='avia_textblock'  itemprop=\"text\" ><p>Quelques minutes \u00e0 pied suffisent pour rejoindre les t\u00e9l\u00e9ph\u00e9riques. Durant votre s\u00e9jour \u00e0 Saas-Fee vous pouvez utiliser les Ski Bus et le petit train rouge gratuitement pour arriver vers les pistes et retour. Stopp vers l\u2019\u00e9glise.<\/p>\n<\/div><\/section><\/p><\/div>\n\n\n","protected":false},"excerpt":{"rendered":"","protected":false},"author":3,"featured_media":0,"parent":0,"menu_order":15,"comment_status":"closed","ping_status":"closed","template":"","meta":{"footnotes":""},"class_list":["post-1813","page","type-page","status-publish","hentry"],"_links":{"self":[{"href":"https:\/\/chalet-alpenruh.ch\/fr\/wp-json\/wp\/v2\/pages\/1813","targetHints":{"allow":["GET"]}}],"collection":[{"href":"https:\/\/chalet-alpenruh.ch\/fr\/wp-json\/wp\/v2\/pages"}],"about":[{"href":"https:\/\/chalet-alpenruh.ch\/fr\/wp-json\/wp\/v2\/types\/page"}],"author":[{"embeddable":true,"href":"https:\/\/chalet-alpenruh.ch\/fr\/wp-json\/wp\/v2\/users\/3"}],"replies":[{"embeddable":true,"href":"https:\/\/chalet-alpenruh.ch\/fr\/wp-json\/wp\/v2\/comments?post=1813"}],"version-history":[{"count":6,"href":"https:\/\/chalet-alpenruh.ch\/fr\/wp-json\/wp\/v2\/pages\/1813\/revisions"}],"predecessor-version":[{"id":2360,"href":"https:\/\/chalet-alpenruh.ch\/fr\/wp-json\/wp\/v2\/pages\/1813\/revisions\/2360"}],"wp:attachment":[{"href":"https:\/\/chalet-alpenruh.ch\/fr\/wp-json\/wp\/v2\/media?parent=1813"}],"curies":[{"name":"wp","href":"https:\/\/api.w.org\/{rel}","templated":true}]}}