{"id":1531,"date":"2018-09-23T15:56:10","date_gmt":"2018-09-23T13:56:10","guid":{"rendered":"https:\/\/chalet-alpenruh.ch\/?page_id=1531"},"modified":"2018-09-23T17:06:41","modified_gmt":"2018-09-23T15:06:41","slug":"informations-legales","status":"publish","type":"page","link":"https:\/\/chalet-alpenruh.ch\/fr\/informations-legales\/","title":{"rendered":"Informations l\u00e9gales"},"content":{"rendered":"\n<style type=\"text\/css\" data-created_by=\"avia_inline_auto\" id=\"style-css-av-av_heading-068db5e45a884705e7e3f25a35c80ecb\">\n#top .av-special-heading.av-av_heading-068db5e45a884705e7e3f25a35c80ecb{\npadding-bottom:40px;\n}\nbody .av-special-heading.av-av_heading-068db5e45a884705e7e3f25a35c80ecb .av-special-heading-tag .heading-char{\nfont-size:25px;\n}\n.av-special-heading.av-av_heading-068db5e45a884705e7e3f25a35c80ecb .av-subheading{\nfont-size:15px;\n}\n<\/style>\n<div  class='av-special-heading av-av_heading-068db5e45a884705e7e3f25a35c80ecb av-special-heading-h1 blockquote modern-quote  avia-builder-el-0  el_before_av_two_third  avia-builder-el-first '><h1 class='av-special-heading-tag '  itemprop=\"headline\"  >Informations l\u00e9gales<\/h1><div class=\"special-heading-border\"><div class=\"special-heading-inner-border\"><\/div><\/div><\/div>\n\n<style type=\"text\/css\" data-created_by=\"avia_inline_auto\" id=\"style-css-av-1myb6-5f63a938468e6cba2bea392bccc59619\">\n.flex_column.av-1myb6-5f63a938468e6cba2bea392bccc59619{\nborder-radius:0px 0px 0px 0px;\npadding:0px 0px 0px 0px;\n}\n<\/style>\n<div  class='flex_column av-1myb6-5f63a938468e6cba2bea392bccc59619 av_two_third  avia-builder-el-1  el_after_av_heading  el_before_av_one_third  first flex_column_div av-zero-column-padding  '     ><p>\n<style type=\"text\/css\" data-created_by=\"avia_inline_auto\" id=\"style-css-av-5hzayz-a02931f2d9926cc8f1a90cc76e222b9b\">\n#top .av-special-heading.av-5hzayz-a02931f2d9926cc8f1a90cc76e222b9b{\npadding-bottom:10px;\n}\nbody .av-special-heading.av-5hzayz-a02931f2d9926cc8f1a90cc76e222b9b .av-special-heading-tag .heading-char{\nfont-size:25px;\n}\n.av-special-heading.av-5hzayz-a02931f2d9926cc8f1a90cc76e222b9b .av-subheading{\nfont-size:15px;\n}\n<\/style>\n<div  class='av-special-heading av-5hzayz-a02931f2d9926cc8f1a90cc76e222b9b av-special-heading-h2 blockquote modern-quote  avia-builder-el-2  el_before_av_textblock  avia-builder-el-first '><h2 class='av-special-heading-tag '  itemprop=\"headline\"  >Copyright<\/h2><div class=\"special-heading-border\"><div class=\"special-heading-inner-border\"><\/div><\/div><\/div><br \/>\n<section  class='av_textblock_section av-jm7lucbi-d3a71d62c17ed2635a6cc7d7fd6df180 '   itemscope=\"itemscope\" itemtype=\"https:\/\/schema.org\/CreativeWork\" ><div class='avia_textblock'  itemprop=\"text\" ><p>Les informations contenues sur les diff\u00e9rents sites Internet de chalet-alpenruh.ch sont mises \u00e0 la disposition du public. Le t\u00e9l\u00e9chargement ou la copie de contenus, d&rsquo;images, de photos ou d&rsquo;autres fichiers ne transf\u00e8re aucun droit sur le contenu.<\/p>\n<p>Les droits d&rsquo;auteur et tous les autres droits sur le contenu, les images, les photos ou autres fichiers de notre site Web appartiennent exclusivement \u00e0 nous ou aux d\u00e9tenteurs de droits d&rsquo;auteur sp\u00e9cifiquement nomm\u00e9s. Certaines pages Web peuvent \u00e9galement contenir des images et des textes soumis aux droits d&rsquo;auteur de tiers. La reproduction de tout \u00e9l\u00e9ment doit faire l&rsquo;objet d&rsquo;une autorisation \u00e9crite pr\u00e9alable du d\u00e9tenteur des droits d&rsquo;auteur.<\/p>\n<p><strong>Marques<\/strong><\/p>\n<p>Sauf indication contraire, toutes les marques de commerce figurant sur ce site Web sont prot\u00e9g\u00e9es par le droit des marques de commerce. Ceci s&rsquo;applique en particulier aux noms de marque du d\u00e9tenteur du domaine, au logo de l&rsquo;entreprise et \u00e0 tous les embl\u00e8mes. Toutes les utilisations sont r\u00e9serv\u00e9es.<\/p>\n<\/div><\/section><br \/>\n\n<style type=\"text\/css\" data-created_by=\"avia_inline_auto\" id=\"style-css-av-3yhpe3-c19db45434c4923a48b453da1cad8919\">\n#top .av-special-heading.av-3yhpe3-c19db45434c4923a48b453da1cad8919{\npadding-bottom:10px;\n}\nbody .av-special-heading.av-3yhpe3-c19db45434c4923a48b453da1cad8919 .av-special-heading-tag .heading-char{\nfont-size:25px;\n}\n.av-special-heading.av-3yhpe3-c19db45434c4923a48b453da1cad8919 .av-subheading{\nfont-size:15px;\n}\n<\/style>\n<div  class='av-special-heading av-3yhpe3-c19db45434c4923a48b453da1cad8919 av-special-heading-h2 blockquote modern-quote  avia-builder-el-4  el_after_av_textblock  el_before_av_textblock '><h2 class='av-special-heading-tag '  itemprop=\"headline\"  >Responsabilit\u00e9<\/h2><div class=\"special-heading-border\"><div class=\"special-heading-inner-border\"><\/div><\/div><\/div><br \/>\n<section  class='av_textblock_section av-jm7lucbi-d3a71d62c17ed2635a6cc7d7fd6df180 '   itemscope=\"itemscope\" itemtype=\"https:\/\/schema.org\/CreativeWork\" ><div class='avia_textblock'  itemprop=\"text\" ><p>Ce site Internet a \u00e9t\u00e9 r\u00e9alis\u00e9 avec le plus grand soin. N\u00e9anmoins, le d\u00e9tenteur du domaine ne peut garantir l&rsquo;exactitude des informations fournies par des tiers. Le d\u00e9tenteur du domaine se r\u00e9serve le droit de modifier ou de compl\u00e9ter les informations fournies \u00e0 tout moment et sans pr\u00e9avis. Le d\u00e9tenteur du domaine d\u00e9cline toute responsabilit\u00e9 pour les dommages qui pourraient r\u00e9sulter directement ou indirectement de ou en relation avec l&rsquo;acc\u00e8s, l&rsquo;utilisation, la performance ou les requ\u00eates de ce site ou avec des liens vers d&rsquo;autres sites. Nous attirons \u00e9galement votre attention sur le fait que la simple utilisation de notre site Web ne cr\u00e9e pas de relation contractuelle entre le visiteur du site Web et le propri\u00e9taire du domaine.<\/p>\n<\/div><\/section><br \/>\n\n<style type=\"text\/css\" data-created_by=\"avia_inline_auto\" id=\"style-css-av-33firf-63010864ed522315088d01a304503c2a\">\n#top .av-special-heading.av-33firf-63010864ed522315088d01a304503c2a{\npadding-bottom:10px;\n}\nbody .av-special-heading.av-33firf-63010864ed522315088d01a304503c2a .av-special-heading-tag .heading-char{\nfont-size:25px;\n}\n.av-special-heading.av-33firf-63010864ed522315088d01a304503c2a .av-subheading{\nfont-size:15px;\n}\n<\/style>\n<div  class='av-special-heading av-33firf-63010864ed522315088d01a304503c2a av-special-heading-h2 blockquote modern-quote  avia-builder-el-6  el_after_av_textblock  el_before_av_textblock '><h2 class='av-special-heading-tag '  itemprop=\"headline\"  >Links et liens hypertextes<\/h2><div class=\"special-heading-border\"><div class=\"special-heading-inner-border\"><\/div><\/div><\/div><br \/>\n<section  class='av_textblock_section av-jm7lucbi-d3a71d62c17ed2635a6cc7d7fd6df180 '   itemscope=\"itemscope\" itemtype=\"https:\/\/schema.org\/CreativeWork\" ><div class='avia_textblock'  itemprop=\"text\" ><p>Les r\u00e9f\u00e9rences et les liens vers des sites Internet de tiers ne rel\u00e8vent pas de notre responsabilit\u00e9. L&rsquo;acc\u00e8s \u00e0 ces sites Web et leur utilisation se font aux risques et p\u00e9rils de l&rsquo;utilisateur. Nous d\u00e9clarons express\u00e9ment que nous n&rsquo;avons aucune influence sur la conception, le contenu et les offres des pages li\u00e9es. L&rsquo;information et les services des sites Web li\u00e9s sont enti\u00e8rement sous l&rsquo;enti\u00e8re responsabilit\u00e9 de la tierce partie respective.<\/p>\n<\/div><\/section><\/p><\/div>\n\n<style type=\"text\/css\" data-created_by=\"avia_inline_auto\" id=\"style-css-av-64za2j-a39e5fce38770e1bf5a1f76a06afe3b7\">\n.flex_column.av-64za2j-a39e5fce38770e1bf5a1f76a06afe3b7{\nborder-radius:0px 0px 0px 0px;\npadding:0px 0px 0px 0px;\n}\n<\/style>\n<div  class='flex_column av-64za2j-a39e5fce38770e1bf5a1f76a06afe3b7 av_one_third  avia-builder-el-8  el_after_av_two_third  avia-builder-el-last  flex_column_div av-zero-column-padding  '     ><\/div>\n","protected":false},"excerpt":{"rendered":"","protected":false},"author":3,"featured_media":0,"parent":0,"menu_order":28,"comment_status":"closed","ping_status":"closed","template":"","meta":{"footnotes":""},"class_list":["post-1531","page","type-page","status-publish","hentry"],"_links":{"self":[{"href":"https:\/\/chalet-alpenruh.ch\/fr\/wp-json\/wp\/v2\/pages\/1531","targetHints":{"allow":["GET"]}}],"collection":[{"href":"https:\/\/chalet-alpenruh.ch\/fr\/wp-json\/wp\/v2\/pages"}],"about":[{"href":"https:\/\/chalet-alpenruh.ch\/fr\/wp-json\/wp\/v2\/types\/page"}],"author":[{"embeddable":true,"href":"https:\/\/chalet-alpenruh.ch\/fr\/wp-json\/wp\/v2\/users\/3"}],"replies":[{"embeddable":true,"href":"https:\/\/chalet-alpenruh.ch\/fr\/wp-json\/wp\/v2\/comments?post=1531"}],"version-history":[{"count":16,"href":"https:\/\/chalet-alpenruh.ch\/fr\/wp-json\/wp\/v2\/pages\/1531\/revisions"}],"predecessor-version":[{"id":1584,"href":"https:\/\/chalet-alpenruh.ch\/fr\/wp-json\/wp\/v2\/pages\/1531\/revisions\/1584"}],"wp:attachment":[{"href":"https:\/\/chalet-alpenruh.ch\/fr\/wp-json\/wp\/v2\/media?parent=1531"}],"curies":[{"name":"wp","href":"https:\/\/api.w.org\/{rel}","templated":true}]}}